{"id":50,"date":"2025-08-15T15:01:12","date_gmt":"2025-08-15T13:01:12","guid":{"rendered":"https:\/\/bondonmatthieu.com\/?page_id=50"},"modified":"2025-08-16T15:27:07","modified_gmt":"2025-08-16T13:27:07","slug":"politique-de-confidentialite","status":"publish","type":"page","link":"https:\/\/bondonmatthieu.com\/en\/politique-de-confidentialite\/","title":{"rendered":"Privacy policy"},"content":{"rendered":"<div data-elementor-type=\"wp-page\" data-elementor-id=\"50\" class=\"elementor elementor-50\">\n\t\t\t\t<div class=\"elementor-element elementor-element-2a211bdc e-flex e-con-boxed e-con e-parent\" data-id=\"2a211bdc\" data-element_type=\"container\" data-e-type=\"container\">\n\t\t\t\t\t<div class=\"e-con-inner\">\n\t\t\t\t<div class=\"elementor-element elementor-element-3e5be725 legal-text elementor-widget elementor-widget-text-editor\" data-id=\"3e5be725\" data-element_type=\"widget\" data-e-type=\"widget\" data-widget_type=\"text-editor.default\">\n\t\t\t\t\t\t\t\t\t\n<h1 class=\"wp-block-heading has-text-align-center\">Privacy policy <br \/>and Legal notice<\/h1>\n\n<p>\u00a0<\/p>\n\n<h2 class=\"wp-block-heading\">Website publisher<\/h2>\n\n<p>Name: Matthieu Bondon<br \/>Country of residence: France<br \/>Email : bondonmatthieu@gmail.com<\/p>\n\n<p>Hosting: <br \/>LWS (Ligne Web Services)<br \/>10 rue Penthi\u00e8vre, 75008 Paris, France<br \/>+33 1 77 62 30 03<br \/><a href=\"https:\/\/www.lws.fr\">https:\/\/www.lws.fr<\/a><\/p>\n\n<h2 class=\"wp-block-heading\">Data collection and security<\/h2>\n\n<p class=\"translation-block\">The website has a simple contact form. The information entered (name, email address, message) is sent by email and is not stored on the website. It is treated as confidential.<\/p>\n\n<h2 class=\"wp-block-heading\">Cookies<\/h2>\n\n<p class=\"translation-block\">The website only uses essential cookies, managed via Complianz. No tracking or third-party cookies are installed. You can manage your preferences via the banner or your browser settings.<\/p>\n\n<h2 class=\"wp-block-heading\">Intellectual property<\/h2>\n\n<p class=\"translation-block\">All content on this website (text, images, logos, graphics) is the exclusive property of Matthieu Bondon, unless otherwise stated. Any reproduction, distribution or use without authorisation is prohibited.<\/p>\n\n<h2 class=\"wp-block-heading\">Update<\/h2>\n\n<p>This policy is dated 15\/08\/2025 and may be updated.<\/p>\n\n<p>\u00a0<\/p>\n\t\t\t\t\t\t\t\t<\/div>\n\t\t\t\t\t<\/div>\n\t\t\t\t<\/div>\n\t\t\t\t<\/div>","protected":false},"excerpt":{"rendered":"<p>Politique de confidentialit\u00e9 et Mentions l\u00e9gales \u00a0 \u00c9diteur du site Nom : Matthieu BondonPays de r\u00e9sidence : FranceEmail : bondonmatthieu@gmail.com H\u00e9bergement : LWS (Ligne Web Services)10 rue Penthi\u00e8vre, 75008 Paris, France+33 1 77 62 30 03https:\/\/www.lws.fr Collecte et s\u00e9curit\u00e9 des donn\u00e9es Le site dispose d\u2019un formulaire de contact simple. Les informations saisies (nom, email, message)&#8230;<\/p>","protected":false},"author":1,"featured_media":0,"parent":0,"menu_order":0,"comment_status":"closed","ping_status":"closed","template":"","meta":{"_kad_post_transparent":"","_kad_post_title":"","_kad_post_layout":"","_kad_post_sidebar_id":"","_kad_post_content_style":"","_kad_post_vertical_padding":"","_kad_post_feature":"","_kad_post_feature_position":"","_kad_post_header":false,"_kad_post_footer":false,"_kad_post_classname":"","footnotes":""},"class_list":["post-50","page","type-page","status-publish","hentry"],"_links":{"self":[{"href":"https:\/\/bondonmatthieu.com\/en\/wp-json\/wp\/v2\/pages\/50","targetHints":{"allow":["GET"]}}],"collection":[{"href":"https:\/\/bondonmatthieu.com\/en\/wp-json\/wp\/v2\/pages"}],"about":[{"href":"https:\/\/bondonmatthieu.com\/en\/wp-json\/wp\/v2\/types\/page"}],"author":[{"embeddable":true,"href":"https:\/\/bondonmatthieu.com\/en\/wp-json\/wp\/v2\/users\/1"}],"replies":[{"embeddable":true,"href":"https:\/\/bondonmatthieu.com\/en\/wp-json\/wp\/v2\/comments?post=50"}],"version-history":[{"count":29,"href":"https:\/\/bondonmatthieu.com\/en\/wp-json\/wp\/v2\/pages\/50\/revisions"}],"predecessor-version":[{"id":271,"href":"https:\/\/bondonmatthieu.com\/en\/wp-json\/wp\/v2\/pages\/50\/revisions\/271"}],"wp:attachment":[{"href":"https:\/\/bondonmatthieu.com\/en\/wp-json\/wp\/v2\/media?parent=50"}],"curies":[{"name":"wp","href":"https:\/\/api.w.org\/{rel}","templated":true}]}}