{"id":1838,"date":"2026-01-31T12:08:21","date_gmt":"2026-01-31T11:08:21","guid":{"rendered":"https:\/\/bondonmatthieu.com\/?page_id=1838"},"modified":"2026-03-23T09:14:23","modified_gmt":"2026-03-23T08:14:23","slug":"a-propos","status":"publish","type":"page","link":"https:\/\/bondonmatthieu.com\/en\/a-propos\/","title":{"rendered":"About"},"content":{"rendered":"<div data-elementor-type=\"wp-page\" data-elementor-id=\"1838\" class=\"elementor elementor-1838\">\n\t\t\t\t<div class=\"elementor-element elementor-element-5e52e819 e-flex e-con-boxed e-con e-parent\" data-id=\"5e52e819\" data-element_type=\"container\" data-e-type=\"container\" data-settings=\"{&quot;background_background&quot;:&quot;classic&quot;}\">\n\t\t\t\t\t<div class=\"e-con-inner\">\n\t\t<div class=\"elementor-element elementor-element-4ca68815 e-con-full breadcrumbs e-flex e-con e-child\" data-id=\"4ca68815\" data-element_type=\"container\" data-e-type=\"container\" data-settings=\"{&quot;position&quot;:&quot;absolute&quot;}\">\n\t\t\t\t<div class=\"elementor-element elementor-element-2d3d89a0 elementor-widget elementor-widget-text-editor\" data-id=\"2d3d89a0\" data-element_type=\"widget\" data-e-type=\"widget\" data-widget_type=\"text-editor.default\">\n\t\t\t\t\t\t\t\t\t<p><a href=\"https:\/\/bondonmatthieu.com\/en\/\">Accueil\u00a0<\/a> &gt;\u00a0\u00a0<\/p>\t\t\t\t\t\t\t\t<\/div>\n\t\t\t\t<div class=\"elementor-element elementor-element-3a15f13f elementor-widget elementor-widget-text-editor\" data-id=\"3a15f13f\" data-element_type=\"widget\" data-e-type=\"widget\" data-widget_type=\"text-editor.default\">\n\t\t\t\t\t\t\t\t\t<p>About<\/p>\t\t\t\t\t\t\t\t<\/div>\n\t\t\t\t<\/div>\n\t\t\t\t<div class=\"elementor-element elementor-element-5a78ce47 elementor-widget elementor-widget-heading\" data-id=\"5a78ce47\" data-element_type=\"widget\" data-e-type=\"widget\" data-widget_type=\"heading.default\">\n\t\t\t\t\t<h1 class=\"elementor-heading-title elementor-size-default\">About me<\/h1>\t\t\t\t<\/div>\n\t\t\t\t<div class=\"elementor-element elementor-element-6f02afb elementor-widget elementor-widget-image\" data-id=\"6f02afb\" data-element_type=\"widget\" data-e-type=\"widget\" data-widget_type=\"image.default\">\n\t\t\t\t\t\t\t\t\t\t\t\t\t\t\t<img fetchpriority=\"high\" decoding=\"async\" width=\"300\" height=\"300\" src=\"https:\/\/bondonmatthieu.com\/wp-content\/uploads\/2026\/01\/ed99f9cf-4d22-40df-8835-7cde46974100-copie-300x300.webp\" class=\"attachment-medium size-medium wp-image-1848\" alt=\"photo profil illustration\" srcset=\"https:\/\/bondonmatthieu.com\/wp-content\/uploads\/2026\/01\/ed99f9cf-4d22-40df-8835-7cde46974100-copie-300x300.webp 300w, https:\/\/bondonmatthieu.com\/wp-content\/uploads\/2026\/01\/ed99f9cf-4d22-40df-8835-7cde46974100-copie-150x150.webp 150w, https:\/\/bondonmatthieu.com\/wp-content\/uploads\/2026\/01\/ed99f9cf-4d22-40df-8835-7cde46974100-copie-768x768.webp 768w, https:\/\/bondonmatthieu.com\/wp-content\/uploads\/2026\/01\/ed99f9cf-4d22-40df-8835-7cde46974100-copie-12x12.webp 12w, https:\/\/bondonmatthieu.com\/wp-content\/uploads\/2026\/01\/ed99f9cf-4d22-40df-8835-7cde46974100-copie.webp 1024w\" sizes=\"(max-width: 300px) 100vw, 300px\" \/>\t\t\t\t\t\t\t\t\t\t\t\t\t\t\t<\/div>\n\t\t\t\t\t<\/div>\n\t\t\t\t<\/div>\n\t\t<div class=\"elementor-element elementor-element-5de85f1 e-flex e-con-boxed e-con e-parent\" data-id=\"5de85f1\" data-element_type=\"container\" data-e-type=\"container\">\n\t\t\t\t\t<div class=\"e-con-inner\">\n\t\t\t\t<div class=\"elementor-element elementor-element-e2e4618 elementor-widget elementor-widget-text-editor\" data-id=\"e2e4618\" data-element_type=\"widget\" data-e-type=\"widget\" data-widget_type=\"text-editor.default\">\n\t\t\t\t\t\t\t\t\t<p><strong>I have always had a particular interest in creation and investigation.<\/strong><\/p>\t\t\t\t\t\t\t\t<\/div>\n\t\t\t\t<div class=\"elementor-element elementor-element-aaf6a36 elementor-widget elementor-widget-text-editor\" data-id=\"aaf6a36\" data-element_type=\"widget\" data-e-type=\"widget\" data-widget_type=\"text-editor.default\">\n\t\t\t\t\t\t\t\t\t<p>After completing my scientific Baccalaureate, I first turned to art school, where I spent two years learning academic drawing and comic book art, which have long been passions of mine.<br \/>I then enrolled in a 3D computer graphics school. There, I studied modelling, rendering, animation, editing, special effects, photography, and more.<\/p>\t\t\t\t\t\t\t\t<\/div>\n\t\t\t\t<div class=\"elementor-element elementor-element-9a84f94 elementor-widget elementor-widget-text-editor\" data-id=\"9a84f94\" data-element_type=\"widget\" data-e-type=\"widget\" data-widget_type=\"text-editor.default\">\n\t\t\t\t\t\t\t\t\t<p>Guided by an interest in digital technology, I traded my pencil for a computer mouse and pursued a career as a 3D animator on TV series in various studios in France.<\/p>\t\t\t\t\t\t\t\t<\/div>\n\t\t\t\t<div class=\"elementor-element elementor-element-13a166c elementor-widget elementor-widget-text-editor\" data-id=\"13a166c\" data-element_type=\"widget\" data-e-type=\"widget\" data-widget_type=\"text-editor.default\">\n\t\t\t\t\t\t\t\t\t<p>The unstable life of \"intermittent du spectacle\" suited me for a while, but I soon felt a strong desire for change.<br \/>A loss of meaning, a lack of prospects for advancement, and a struggling industry prompted me to consider a career change.<\/p>\t\t\t\t\t\t\t\t<\/div>\n\t\t\t\t<div class=\"elementor-element elementor-element-0c3d40e elementor-widget elementor-widget-text-editor\" data-id=\"0c3d40e\" data-element_type=\"widget\" data-e-type=\"widget\" data-widget_type=\"text-editor.default\">\n\t\t\t\t\t\t\t\t\t<p><strong>Why design ?<\/strong><\/p>\t\t\t\t\t\t\t\t<\/div>\n\t\t\t\t<div class=\"elementor-element elementor-element-744b25a elementor-widget elementor-widget-text-editor\" data-id=\"744b25a\" data-element_type=\"widget\" data-e-type=\"widget\" data-widget_type=\"text-editor.default\">\n\t\t\t\t\t\t\t\t\t<p>A skills assessment at the end of 2024 highlighted an activity that matched my desire to be useful and to combine creativity and intellectual curiosity.<br \/>I therefore decided to transfer my technical and artistic background by taking an intensive web design course.<\/p>\t\t\t\t\t\t\t\t<\/div>\n\t\t\t\t<div class=\"elementor-element elementor-element-0898103 elementor-widget elementor-widget-text-editor\" data-id=\"0898103\" data-element_type=\"widget\" data-e-type=\"widget\" data-widget_type=\"text-editor.default\">\n\t\t\t\t\t\t\t\t\t<p>I rediscovered graphic design and acquired many other skills: project management, UX\/UI, low-code integration, digital strategy...<br \/>With my diploma in hand, I delved a little deeper into UX\/UI design, which I particularly enjoyed, and obtained a new certification.<\/p>\t\t\t\t\t\t\t\t<\/div>\n\t\t\t\t<div class=\"elementor-element elementor-element-d62b0f3 elementor-widget elementor-widget-text-editor\" data-id=\"d62b0f3\" data-element_type=\"widget\" data-e-type=\"widget\" data-widget_type=\"text-editor.default\">\n\t\t\t\t\t\t\t\t\t<p>My daily life is now punctuated by personal challenges, the search for inspiration and stimulating projects, technology watch, so that I can continue to improve in this field and put my skills at the service of users of the digital world.<\/p>\t\t\t\t\t\t\t\t<\/div>\n\t\t\t\t\t<\/div>\n\t\t\t\t<\/div>\n\t\t<div class=\"elementor-element elementor-element-6a0d5345 e-flex e-con-boxed e-con e-parent\" data-id=\"6a0d5345\" data-element_type=\"container\" data-e-type=\"container\">\n\t\t\t\t\t<div class=\"e-con-inner\">\n\t\t\t\t<div class=\"elementor-element elementor-element-2943b18c elementor-widget elementor-widget-heading\" data-id=\"2943b18c\" data-element_type=\"widget\" data-e-type=\"widget\" data-widget_type=\"heading.default\">\n\t\t\t\t\t<h2 class=\"elementor-heading-title elementor-size-default\">Let's get in touch!<\/h2>\t\t\t\t<\/div>\n\t\t<div class=\"elementor-element elementor-element-7fee449 e-con-full e-flex e-con e-child\" data-id=\"7fee449\" data-element_type=\"container\" data-e-type=\"container\">\n\t\t<div class=\"elementor-element elementor-element-77ef4e1b e-con-full e-flex e-con e-child\" data-id=\"77ef4e1b\" data-element_type=\"container\" data-e-type=\"container\">\n\t\t\t\t<div class=\"elementor-element elementor-element-27d5ad27 elementor-widget elementor-widget-text-editor\" data-id=\"27d5ad27\" data-element_type=\"widget\" data-e-type=\"widget\" data-widget_type=\"text-editor.default\">\n\t\t\t\t\t\t\t\t\t<p>My LinkedIn page<\/p>\t\t\t\t\t\t\t\t<\/div>\n\t\t\t\t<div class=\"elementor-element elementor-element-95b6bf2 elementor-view-framed elementor-shape-rounded elementor-widget elementor-widget-icon\" data-id=\"95b6bf2\" data-element_type=\"widget\" data-e-type=\"widget\" data-widget_type=\"icon.default\">\n\t\t\t\t\t\t\t<div class=\"elementor-icon-wrapper\">\n\t\t\t<a class=\"elementor-icon\" href=\"http:\/\/www.linkedin.com\/in\/matthieu-bondon-10505bb0\" target=\"_blank\">\n\t\t\t<svg aria-hidden=\"true\" class=\"e-font-icon-svg e-fab-linkedin-in\" viewbox=\"0 0 448 512\" xmlns=\"http:\/\/www.w3.org\/2000\/svg\"><path d=\"M100.28 448H7.4V148.9h92.88zM53.79 108.1C24.09 108.1 0 83.5 0 53.8a53.79 53.79 0 0 1 107.58 0c0 29.7-24.1 54.3-53.79 54.3zM447.9 448h-92.68V302.4c0-34.7-.7-79.2-48.29-79.2-48.29 0-55.69 37.7-55.69 76.7V448h-92.78V148.9h89.08v40.8h1.3c12.4-23.5 42.69-48.3 87.88-48.3 94 0 111.28 61.9 111.28 142.3V448z\"><\/path><\/svg>\t\t\t<\/a>\n\t\t<\/div>\n\t\t\t\t\t\t<\/div>\n\t\t\t\t<\/div>\n\t\t<div class=\"elementor-element elementor-element-ec963ab e-con-full e-flex e-con e-child\" data-id=\"ec963ab\" data-element_type=\"container\" data-e-type=\"container\">\n\t\t\t\t<div class=\"elementor-element elementor-element-1d63eaa elementor-widget elementor-widget-text-editor\" data-id=\"1d63eaa\" data-element_type=\"widget\" data-e-type=\"widget\" data-widget_type=\"text-editor.default\">\n\t\t\t\t\t\t\t\t\t<p>My Dribbble page<\/p>\t\t\t\t\t\t\t\t<\/div>\n\t\t\t\t<div class=\"elementor-element elementor-element-20d1d42 elementor-view-framed elementor-shape-rounded elementor-widget elementor-widget-icon\" data-id=\"20d1d42\" data-element_type=\"widget\" data-e-type=\"widget\" data-widget_type=\"icon.default\">\n\t\t\t\t\t\t\t<div class=\"elementor-icon-wrapper\">\n\t\t\t<a class=\"elementor-icon\" href=\"https:\/\/dribbble.com\/MrGoodgift\" target=\"_blank\">\n\t\t\t<svg aria-hidden=\"true\" class=\"e-font-icon-svg e-fab-dribbble\" viewbox=\"0 0 512 512\" xmlns=\"http:\/\/www.w3.org\/2000\/svg\"><path d=\"M256 8C119.252 8 8 119.252 8 256s111.252 248 248 248 248-111.252 248-248S392.748 8 256 8zm163.97 114.366c29.503 36.046 47.369 81.957 47.835 131.955-6.984-1.477-77.018-15.682-147.502-6.818-5.752-14.041-11.181-26.393-18.617-41.614 78.321-31.977 113.818-77.482 118.284-83.523zM396.421 97.87c-3.81 5.427-35.697 48.286-111.021 76.519-34.712-63.776-73.185-116.168-79.04-124.008 67.176-16.193 137.966 1.27 190.061 47.489zm-230.48-33.25c5.585 7.659 43.438 60.116 78.537 122.509-99.087 26.313-186.36 25.934-195.834 25.809C62.38 147.205 106.678 92.573 165.941 64.62zM44.17 256.323c0-2.166.043-4.322.108-6.473 9.268.19 111.92 1.513 217.706-30.146 6.064 11.868 11.857 23.915 17.174 35.949-76.599 21.575-146.194 83.527-180.531 142.306C64.794 360.405 44.17 310.73 44.17 256.323zm81.807 167.113c22.127-45.233 82.178-103.622 167.579-132.756 29.74 77.283 42.039 142.053 45.189 160.638-68.112 29.013-150.015 21.053-212.768-27.882zm248.38 8.489c-2.171-12.886-13.446-74.897-41.152-151.033 66.38-10.626 124.7 6.768 131.947 9.055-9.442 58.941-43.273 109.844-90.795 141.978z\"><\/path><\/svg>\t\t\t<\/a>\n\t\t<\/div>\n\t\t\t\t\t\t<\/div>\n\t\t\t\t<\/div>\n\t\t<div class=\"elementor-element elementor-element-97a97d0 e-con-full e-flex e-con e-child\" data-id=\"97a97d0\" data-element_type=\"container\" data-e-type=\"container\">\n\t\t\t\t<div class=\"elementor-element elementor-element-7a0c1a43 elementor-widget elementor-widget-text-editor\" data-id=\"7a0c1a43\" data-element_type=\"widget\" data-e-type=\"widget\" data-widget_type=\"text-editor.default\">\n\t\t\t\t\t\t\t\t\t<p>My email<\/p>\t\t\t\t\t\t\t\t<\/div>\n\t\t\t\t<div class=\"elementor-element elementor-element-1036244d elementor-view-framed elementor-shape-rounded elementor-widget elementor-widget-icon\" data-id=\"1036244d\" data-element_type=\"widget\" data-e-type=\"widget\" data-widget_type=\"icon.default\">\n\t\t\t\t\t\t\t<div class=\"elementor-icon-wrapper\">\n\t\t\t<a class=\"elementor-icon\" href=\"mailto:bondonmatthieu@gmail.com\" target=\"_blank\">\n\t\t\t<svg aria-hidden=\"true\" class=\"e-font-icon-svg e-far-envelope\" viewbox=\"0 0 512 512\" xmlns=\"http:\/\/www.w3.org\/2000\/svg\"><path d=\"M464 64H48C21.49 64 0 85.49 0 112v288c0 26.51 21.49 48 48 48h416c26.51 0 48-21.49 48-48V112c0-26.51-21.49-48-48-48zm0 48v40.805c-22.422 18.259-58.168 46.651-134.587 106.49-16.841 13.247-50.201 45.072-73.413 44.701-23.208.375-56.579-31.459-73.413-44.701C106.18 199.465 70.425 171.067 48 152.805V112h416zM48 400V214.398c22.914 18.251 55.409 43.862 104.938 82.646 21.857 17.205 60.134 55.186 103.062 54.955 42.717.231 80.509-37.199 103.053-54.947 49.528-38.783 82.032-64.401 104.947-82.653V400H48z\"><\/path><\/svg>\t\t\t<\/a>\n\t\t<\/div>\n\t\t\t\t\t\t<\/div>\n\t\t\t\t<\/div>\n\t\t\t\t<\/div>\n\t\t\t\t\t<\/div>\n\t\t\t\t<\/div>\n\t\t\t\t<\/div>","protected":false},"excerpt":{"rendered":"<p>Accueil\u00a0 &gt;\u00a0\u00a0 \u00c0 propos \u00c0 propos de moi Depuis toujours, j&rsquo;ai un attrait particulier pour la cr\u00e9ation et l&rsquo;investigation. Apr\u00e8s un Bac scientifique, je me tourne d&rsquo;abord vers une \u00e9cole d&rsquo;art, o\u00f9 j&rsquo;apprends pendant deux ans le dessin acad\u00e9mique et la bande dessin\u00e9e, qui me passionnent depuis longtemps.J&rsquo;int\u00e8gre ensuite une \u00e9cole d&rsquo;infographie 3D. J&rsquo;y \u00e9tudie&#8230;<\/p>","protected":false},"author":1,"featured_media":0,"parent":0,"menu_order":0,"comment_status":"closed","ping_status":"closed","template":"","meta":{"_kad_post_transparent":"","_kad_post_title":"hide","_kad_post_layout":"fullwidth","_kad_post_sidebar_id":"","_kad_post_content_style":"unboxed","_kad_post_vertical_padding":"hide","_kad_post_feature":"hide","_kad_post_feature_position":"","_kad_post_header":false,"_kad_post_footer":false,"_kad_post_classname":"","footnotes":""},"class_list":["post-1838","page","type-page","status-publish","hentry"],"_links":{"self":[{"href":"https:\/\/bondonmatthieu.com\/en\/wp-json\/wp\/v2\/pages\/1838","targetHints":{"allow":["GET"]}}],"collection":[{"href":"https:\/\/bondonmatthieu.com\/en\/wp-json\/wp\/v2\/pages"}],"about":[{"href":"https:\/\/bondonmatthieu.com\/en\/wp-json\/wp\/v2\/types\/page"}],"author":[{"embeddable":true,"href":"https:\/\/bondonmatthieu.com\/en\/wp-json\/wp\/v2\/users\/1"}],"replies":[{"embeddable":true,"href":"https:\/\/bondonmatthieu.com\/en\/wp-json\/wp\/v2\/comments?post=1838"}],"version-history":[{"count":61,"href":"https:\/\/bondonmatthieu.com\/en\/wp-json\/wp\/v2\/pages\/1838\/revisions"}],"predecessor-version":[{"id":2386,"href":"https:\/\/bondonmatthieu.com\/en\/wp-json\/wp\/v2\/pages\/1838\/revisions\/2386"}],"wp:attachment":[{"href":"https:\/\/bondonmatthieu.com\/en\/wp-json\/wp\/v2\/media?parent=1838"}],"curies":[{"name":"wp","href":"https:\/\/api.w.org\/{rel}","templated":true}]}}